{"id":420,"date":"2022-11-10T15:27:26","date_gmt":"2022-11-10T15:27:26","guid":{"rendered":"https:\/\/robertopierantoni.com.ar\/servicios\/?page_id=420"},"modified":"2023-12-29T16:22:48","modified_gmt":"2023-12-29T16:22:48","slug":"nosotros","status":"publish","type":"page","link":"https:\/\/robertopierantoni.com.ar\/servicios\/nosotros\/","title":{"rendered":"Nosotros"},"content":{"rendered":"<section class=\"wpb-content-wrapper\"><p>[vc_row motts_theme_padding=&#8221;no&#8221; use_container=&#8221;yes&#8221; css=&#8221;.vc_custom_1593092501087{margin-top: 80px !important;}&#8221;][vc_column][vc_row_inner][vc_column_inner][ts_section_title align=&#8221;left&#8221; tagline=&#8221;Sobre nosotros&#8221; title=&#8221;Con la experiencia acumulada<br \/>\ndurante 40 a\u00f1os transcurridos.&#8221;][\/vc_column_inner][\/vc_row_inner][vc_row_inner][vc_column_inner offset=&#8221;vc_col-md-7&#8243;][ts_image_box image=&#8221;818&#8243; title=&#8221;Image&#8221;][\/vc_column_inner][vc_column_inner offset=&#8221;vc_col-md-5&#8243;][ts_image_box image=&#8221;650&#8243; title=&#8221;Image&#8221;][\/vc_column_inner][\/vc_row_inner][vc_row_inner][vc_column_inner][vc_empty_space height=&#8221;25px&#8221;][vc_column_text]Hoy, ROBERTO PIERANTONI SRL cuenta con equipos de origen Italiano, Alem\u00e1n y de nuestra propia fabricaci\u00f3n, tecnificados, confiables, preparados para alcanzar las m\u00e1ximas producciones en los menores tiempos, con la mejor calidad, equipados con una amplia gama de distintos tipos de herramientas, incorporando a su plantel nuevos equipos con tecnolog\u00eda Europea de ultima generaci\u00f3n. ROBERTO PIERANTONI SRL esta conformada por la mayor\u00eda del grupo humano que formaba parte de la anterior empresa, por lo tanto este valor agregado que es la experiencia y capacidad adquirida se pone de entero manifiesto en cada persona, a esto le sumamos los programas para la capacitaci\u00f3n constante de todo el personal, en las distintas \u00e1reas y en los distintos temas.[\/vc_column_text][vc_empty_space height=&#8221;15px&#8221;][vc_column_text]Esta conformaci\u00f3n de buenos equipos, \u00f3ptimo herramental, personal experimentado y capacitado nos permite ofrecerles a todos nuestros clientes una versi\u00f3n renovada de la calidad de nuestros servicios, atenci\u00f3n del cliente y responsabilidad.[\/vc_column_text][vc_empty_space height=&#8221;15px&#8221;][vc_column_text]Desde Roberto Pierantoni SRL formamos parte Comisi\u00f3n de Genero de la c\u00e1mara de la construcci\u00f3n, donde Mar\u00eda Blanca Pierantoni nuestra Gerente, es participante activa de la misma y trabaja ayudando a la toma de conciencia sobre el trabajo inclusivo en la construcci\u00f3n, mediante proyectos, puesta a punto de instalaciones y trabajando d\u00eda a d\u00eda con cada uno de sus empleados a fin de que todos entendamos de que trata trabajo inclusivo en el \u00e1rea de la construcci\u00f3n y que todos tengan el mismo derecho.[\/vc_column_text][\/vc_column_inner][\/vc_row_inner][\/vc_column][\/vc_row][vc_row use_container=&#8221;yes&#8221;][vc_column width=&#8221;1\/2&#8243; offset=&#8221;vc_col-md-3&#8243;][ts_counter_box tagline=&#8221;2234&#8243; title=&#8221;A\u00f1os de trayectoria&#8221; value=&#8221;45&#8243; symbol=&#8221;+&#8221; description=&#8221;Lorem Ipsum es simplemente el texto de relleno de las imprentas.&#8221;][\/vc_column][vc_column width=&#8221;1\/2&#8243; offset=&#8221;vc_col-md-3&#8243;][ts_counter_box tagline=&#8221;2234&#8243; title=&#8221;Obras realizadas&#8221; value=&#8221;9000&#8243; symbol=&#8221;+&#8221; description=&#8221;Lorem Ipsum es simplemente el texto de relleno de las imprentas&#8221;][\/vc_column][vc_column width=&#8221;1\/2&#8243; offset=&#8221;vc_col-md-3&#8243;][ts_counter_box tagline=&#8221;2234&#8243; title=&#8221;Flota de equipos&#8221; value=&#8221;7&#8243; symbol=&#8221;+&#8221; description=&#8221;Lorem Ipsum es simplemente el texto de relleno de las imprentas&#8221;][\/vc_column][vc_column width=&#8221;1\/2&#8243; offset=&#8221;vc_col-md-3&#8243;][ts_counter_box tagline=&#8221;2234&#8243; title=&#8221;Clientes&#8221; value=&#8221;1000&#8243; symbol=&#8221;+&#8221; description=&#8221;Lorem Ipsum es simplemente el texto de relleno de las imprentas&#8221;][\/vc_column][\/vc_row][vc_row motts_theme_padding=&#8221;no&#8221; use_container=&#8221;yes&#8221;][vc_column][vc_row_inner][vc_column_inner][ts_section_title tagline=&#8221;Atenci\u00f3n personalizada&#8221; title=&#8221;\u00c1reas de contacto&#8221;][\/vc_column_inner][\/vc_row_inner][vc_row_inner][vc_column_inner width=&#8221;1\/3&#8243; offset=&#8221;vc_col-md-1\/5&#8243;][ts_team_member member=&#8221;846&#8243; member_name=&#8221;Manuel Pascaud&#8221; title=&#8221;Ventas . Sector Servicio Pilotes&#8221; phone=&#8221;+54 341 3562276&#8243; details=&#8221;%5B%5D&#8221;][\/vc_column_inner][vc_column_inner width=&#8221;1\/3&#8243; offset=&#8221;vc_col-md-1\/5&#8243;][ts_team_member member=&#8221;848&#8243; member_name=&#8221;Marina Scopetta&#8221; title=&#8221;Administraci\u00f3n&#8221; phone=&#8221;+54 341 4941026&#8243; details=&#8221;%5B%5D&#8221;][\/vc_column_inner][vc_column_inner width=&#8221;1\/3&#8243; offset=&#8221;vc_col-md-1\/5&#8243;][ts_team_member member=&#8221;849&#8243; member_name=&#8221;Maria Blanca Pierantoni&#8221; title=&#8221;Gerencia&#8221; phone=&#8221;+54 341 4941026&#8243; details=&#8221;%5B%5D&#8221;][\/vc_column_inner][vc_column_inner width=&#8221;1\/3&#8243; offset=&#8221;vc_col-md-1\/5&#8243;][ts_team_member member=&#8221;850&#8243; member_name=&#8221;Javier Jimenez&#8221; title=&#8221;Compras&#8221; phone=&#8221;+54 341 4941026&#8243; details=&#8221;%5B%5D&#8221;][\/vc_column_inner][vc_column_inner width=&#8221;1\/3&#8243; offset=&#8221;vc_col-md-1\/5&#8243;][ts_team_member member=&#8221;851&#8243; member_name=&#8221;Edgardo Corradin&#8221; title=&#8221;RRHH&#8221; phone=&#8221;+54 341 4941026&#8243; details=&#8221;%5B%5D&#8221;][\/vc_column_inner][\/vc_row_inner][vc_empty_space][vc_row_inner][vc_column_inner][vc_wp_text]<style type=\"text\/css\">\r\n    #lgx_lsw_preloader_707 {\r\n        display: flex;\r\n        align-items: center;\r\n        justify-content: center;\r\n        text-align: center;\r\n        background: #ffffff;\r\n        z-index: 9999;\r\n        position: absolute;\r\n        left: 0;\r\n        top: 0;\r\n        height: 100%;\r\n        width: 100%;\r\n    }\r\n<\/style>\r\n<div id=\"lgx_logo_slider_app_707\" class=\"lgx_logo_slider_app\">\r\n\r\n            <div id=\"lgx_lsw_preloader_707\" class=\"lgx_lsw_preloader\">\r\n            <img decoding=\"async\" src=\"https:\/\/robertopierantoni.com.ar\/servicios\/wp-content\/plugins\/logo-slider-wp\/public\/assets\/img\/loader.gif\" alt=\"\" \/>\r\n        <\/div>\r\n    \r\n    <div class=\"lgx_logo_slider lgx_logo_slider_free\">\r\n        <div class=\"lgx_app_inner lgx_app_layout_carousel\">\r\n            <div class=\"lgx_app_container-fluid\">\r\n\r\n                \r\n                <div \r\n                    id=\"lgx_app_content_wrap_707346\"\r\n                    class=\"lgx_app_content_wrapper swiper lgx_logo_carousel\"\r\n                     data-effect=\"slide\"  data-infinite=\"true\"  data-speed=\"400\"  data-autoplay=\"true\"  data-delay=\"1000\"  data-pause=\"false\"  data-space=\"10\"  data-nav=\"true\"  data-pagination=\"true\"  data-height=\"false\"  data-move=\"true\"  data-wheel=\"false\"  data-simulate=\"true\"  data-grab=\"false\"  data-dynamic=\"false\"  data-bullets_no=\"1\"  data-item_mobile=\"2\"  data-item_tablet=\"3\"  data-item_desk=\"4\"  data-item_large=\"5\"  data-lazy=\"false\"                                     >\r\n\r\n                    <div class=\"lgx_lsw_nav_wrap lgx_lsw_nav_top_right  \"><div class=\"lgx_lsw_nav_button lgx_lsw_nav_button_prev\"><i class=\"fa fa-angle-left\" aria-hidden=\"true\"><\/i><\/div><div class=\"lgx_lsw_nav_button lgx_lsw_nav_button_next \"><i class=\"fa fa-angle-right\" aria-hidden=\"true\"><\/i><\/div><\/div>\r\n                    <div \r\n                        class=\"lgx_app_item_row \r\n                         \r\n                        swiper-wrapper \r\n                        \"\r\n                                            >\r\n                        \r\n<div class=\"lgx_app_item swiper-slide lgx_app_hover_effect_none\">\r\n\r\n    <div \r\n        class=\"lgx_app_item_inner \"\r\n            >\r\n\r\n                    <div class=\"lgx_app_item_figure lgx_img_hover_anim__default\">\r\n\r\n                <a class=\"lgx_app_item_link\"\r\n                                        href=\"\"\r\n                    target=\"_self\"\r\n                >\r\n\r\n                    <img decoding=\"async\" \r\n                        class=\"lgx_app_item_img\"\r\n                        src=\"https:\/\/robertopierantoni.com.ar\/servicios\/wp-content\/uploads\/2023\/02\/10.jpg\"\r\n                        alt=\"\"\r\n                    \/>\r\n\r\n                <\/a>\r\n            <\/div>\r\n        \r\n        <div class=\"lgx_app_item_info\">\r\n\r\n            \r\n            \r\n        <\/div>\r\n\r\n        \r\n    <\/div>\r\n<\/div>\r\n<div class=\"lgx_app_item swiper-slide lgx_app_hover_effect_none\">\r\n\r\n    <div \r\n        class=\"lgx_app_item_inner \"\r\n            >\r\n\r\n                    <div class=\"lgx_app_item_figure lgx_img_hover_anim__default\">\r\n\r\n                <a class=\"lgx_app_item_link\"\r\n                                        href=\"\"\r\n                    target=\"_self\"\r\n                >\r\n\r\n                    <img decoding=\"async\" \r\n                        class=\"lgx_app_item_img\"\r\n                        src=\"https:\/\/robertopierantoni.com.ar\/servicios\/wp-content\/uploads\/2023\/02\/9.jpg\"\r\n                        alt=\"\"\r\n                    \/>\r\n\r\n                <\/a>\r\n            <\/div>\r\n        \r\n        <div class=\"lgx_app_item_info\">\r\n\r\n            \r\n            \r\n        <\/div>\r\n\r\n        \r\n    <\/div>\r\n<\/div>\r\n<div class=\"lgx_app_item swiper-slide lgx_app_hover_effect_none\">\r\n\r\n    <div \r\n        class=\"lgx_app_item_inner \"\r\n            >\r\n\r\n                    <div class=\"lgx_app_item_figure lgx_img_hover_anim__default\">\r\n\r\n                <a class=\"lgx_app_item_link\"\r\n                                        href=\"\"\r\n                    target=\"_self\"\r\n                >\r\n\r\n                    <img decoding=\"async\" \r\n                        class=\"lgx_app_item_img\"\r\n                        src=\"https:\/\/robertopierantoni.com.ar\/servicios\/wp-content\/uploads\/2023\/02\/8.jpg\"\r\n                        alt=\"\"\r\n                    \/>\r\n\r\n                <\/a>\r\n            <\/div>\r\n        \r\n        <div class=\"lgx_app_item_info\">\r\n\r\n            \r\n            \r\n        <\/div>\r\n\r\n        \r\n    <\/div>\r\n<\/div>\r\n<div class=\"lgx_app_item swiper-slide lgx_app_hover_effect_none\">\r\n\r\n    <div \r\n        class=\"lgx_app_item_inner \"\r\n            >\r\n\r\n                    <div class=\"lgx_app_item_figure lgx_img_hover_anim__default\">\r\n\r\n                <a class=\"lgx_app_item_link\"\r\n                                        href=\"\"\r\n                    target=\"_self\"\r\n                >\r\n\r\n                    <img decoding=\"async\" \r\n                        class=\"lgx_app_item_img\"\r\n                        src=\"https:\/\/robertopierantoni.com.ar\/servicios\/wp-content\/uploads\/2023\/02\/7.jpg\"\r\n                        alt=\"\"\r\n                    \/>\r\n\r\n                <\/a>\r\n            <\/div>\r\n        \r\n        <div class=\"lgx_app_item_info\">\r\n\r\n            \r\n            \r\n        <\/div>\r\n\r\n        \r\n    <\/div>\r\n<\/div>\r\n<div class=\"lgx_app_item swiper-slide lgx_app_hover_effect_none\">\r\n\r\n    <div \r\n        class=\"lgx_app_item_inner \"\r\n            >\r\n\r\n                    <div class=\"lgx_app_item_figure lgx_img_hover_anim__default\">\r\n\r\n                <a class=\"lgx_app_item_link\"\r\n                                        href=\"\"\r\n                    target=\"_self\"\r\n                >\r\n\r\n                    <img decoding=\"async\" \r\n                        class=\"lgx_app_item_img\"\r\n                        src=\"https:\/\/robertopierantoni.com.ar\/servicios\/wp-content\/uploads\/2023\/02\/6-1.jpg\"\r\n                        alt=\"\"\r\n                    \/>\r\n\r\n                <\/a>\r\n            <\/div>\r\n        \r\n        <div class=\"lgx_app_item_info\">\r\n\r\n            \r\n            \r\n        <\/div>\r\n\r\n        \r\n    <\/div>\r\n<\/div>\r\n<div class=\"lgx_app_item swiper-slide lgx_app_hover_effect_none\">\r\n\r\n    <div \r\n        class=\"lgx_app_item_inner \"\r\n            >\r\n\r\n                    <div class=\"lgx_app_item_figure lgx_img_hover_anim__default\">\r\n\r\n                <a class=\"lgx_app_item_link\"\r\n                                        href=\"\"\r\n                    target=\"_self\"\r\n                >\r\n\r\n                    <img decoding=\"async\" \r\n                        class=\"lgx_app_item_img\"\r\n                        src=\"https:\/\/robertopierantoni.com.ar\/servicios\/wp-content\/uploads\/2023\/02\/5.jpg\"\r\n                        alt=\"\"\r\n                    \/>\r\n\r\n                <\/a>\r\n            <\/div>\r\n        \r\n        <div class=\"lgx_app_item_info\">\r\n\r\n            \r\n            \r\n        <\/div>\r\n\r\n        \r\n    <\/div>\r\n<\/div>\r\n<div class=\"lgx_app_item swiper-slide lgx_app_hover_effect_none\">\r\n\r\n    <div \r\n        class=\"lgx_app_item_inner \"\r\n            >\r\n\r\n                    <div class=\"lgx_app_item_figure lgx_img_hover_anim__default\">\r\n\r\n                <a class=\"lgx_app_item_link\"\r\n                                        href=\"\"\r\n                    target=\"_self\"\r\n                >\r\n\r\n                    <img decoding=\"async\" \r\n                        class=\"lgx_app_item_img\"\r\n                        src=\"https:\/\/robertopierantoni.com.ar\/servicios\/wp-content\/uploads\/2023\/02\/4.jpg\"\r\n                        alt=\"\"\r\n                    \/>\r\n\r\n                <\/a>\r\n            <\/div>\r\n        \r\n        <div class=\"lgx_app_item_info\">\r\n\r\n            \r\n            \r\n        <\/div>\r\n\r\n        \r\n    <\/div>\r\n<\/div>\r\n<div class=\"lgx_app_item swiper-slide lgx_app_hover_effect_none\">\r\n\r\n    <div \r\n        class=\"lgx_app_item_inner \"\r\n            >\r\n\r\n                    <div class=\"lgx_app_item_figure lgx_img_hover_anim__default\">\r\n\r\n                <a class=\"lgx_app_item_link\"\r\n                                        href=\"\"\r\n                    target=\"_self\"\r\n                >\r\n\r\n                    <img decoding=\"async\" \r\n                        class=\"lgx_app_item_img\"\r\n                        src=\"https:\/\/robertopierantoni.com.ar\/servicios\/wp-content\/uploads\/2023\/02\/3.jpg\"\r\n                        alt=\"\"\r\n                    \/>\r\n\r\n                <\/a>\r\n            <\/div>\r\n        \r\n        <div class=\"lgx_app_item_info\">\r\n\r\n            \r\n            \r\n        <\/div>\r\n\r\n        \r\n    <\/div>\r\n<\/div>\r\n<div class=\"lgx_app_item swiper-slide lgx_app_hover_effect_none\">\r\n\r\n    <div \r\n        class=\"lgx_app_item_inner \"\r\n            >\r\n\r\n                    <div class=\"lgx_app_item_figure lgx_img_hover_anim__default\">\r\n\r\n                <a class=\"lgx_app_item_link\"\r\n                                        href=\"\"\r\n                    target=\"_self\"\r\n                >\r\n\r\n                    <img decoding=\"async\" \r\n                        class=\"lgx_app_item_img\"\r\n                        src=\"https:\/\/robertopierantoni.com.ar\/servicios\/wp-content\/uploads\/2023\/02\/2.jpg\"\r\n                        alt=\"\"\r\n                    \/>\r\n\r\n                <\/a>\r\n            <\/div>\r\n        \r\n        <div class=\"lgx_app_item_info\">\r\n\r\n            \r\n            \r\n        <\/div>\r\n\r\n        \r\n    <\/div>\r\n<\/div>\r\n<div class=\"lgx_app_item swiper-slide lgx_app_hover_effect_none\">\r\n\r\n    <div \r\n        class=\"lgx_app_item_inner \"\r\n            >\r\n\r\n                    <div class=\"lgx_app_item_figure lgx_img_hover_anim__default\">\r\n\r\n                <a class=\"lgx_app_item_link\"\r\n                                        href=\"\"\r\n                    target=\"_self\"\r\n                >\r\n\r\n                    <img decoding=\"async\" \r\n                        class=\"lgx_app_item_img\"\r\n                        src=\"https:\/\/robertopierantoni.com.ar\/servicios\/wp-content\/uploads\/2023\/02\/1.jpg\"\r\n                        alt=\"\"\r\n                    \/>\r\n\r\n                <\/a>\r\n            <\/div>\r\n        \r\n        <div class=\"lgx_app_item_info\">\r\n\r\n            \r\n            \r\n        <\/div>\r\n\r\n        \r\n    <\/div>\r\n<\/div>\r\n<div class=\"lgx_app_item swiper-slide lgx_app_hover_effect_none\">\r\n\r\n    <div \r\n        class=\"lgx_app_item_inner \"\r\n            >\r\n\r\n                    <div class=\"lgx_app_item_figure lgx_img_hover_anim__default\">\r\n\r\n                <a class=\"lgx_app_item_link\"\r\n                                        href=\"\"\r\n                    target=\"_self\"\r\n                >\r\n\r\n                    <img decoding=\"async\" \r\n                        class=\"lgx_app_item_img\"\r\n                        src=\"https:\/\/robertopierantoni.com.ar\/servicios\/wp-content\/uploads\/2023\/05\/pecam-1.jpg\"\r\n                        alt=\"\"\r\n                    \/>\r\n\r\n                <\/a>\r\n            <\/div>\r\n        \r\n        <div class=\"lgx_app_item_info\">\r\n\r\n            \r\n            \r\n        <\/div>\r\n\r\n        \r\n    <\/div>\r\n<\/div>\r\n<div class=\"lgx_app_item swiper-slide lgx_app_hover_effect_none\">\r\n\r\n    <div \r\n        class=\"lgx_app_item_inner \"\r\n            >\r\n\r\n                    <div class=\"lgx_app_item_figure lgx_img_hover_anim__default\">\r\n\r\n                <a class=\"lgx_app_item_link\"\r\n                                        href=\"\"\r\n                    target=\"_self\"\r\n                >\r\n\r\n                    <img decoding=\"async\" \r\n                        class=\"lgx_app_item_img\"\r\n                        src=\"https:\/\/robertopierantoni.com.ar\/servicios\/wp-content\/uploads\/2023\/05\/cam-1.jpg\"\r\n                        alt=\"\"\r\n                    \/>\r\n\r\n                <\/a>\r\n            <\/div>\r\n        \r\n        <div class=\"lgx_app_item_info\">\r\n\r\n            \r\n            \r\n        <\/div>\r\n\r\n        \r\n    <\/div>\r\n<\/div>                    <\/div>\r\n\r\n                    <div class=\"swiper-pagination lgx_lsw_pagination\"><\/div>\r\n                    \r\n                <\/div>\r\n\r\n            <\/div>\r\n        <\/div>\r\n    <\/div>\r\n\r\n<\/div>[\/vc_wp_text][\/vc_column_inner][\/vc_row_inner][\/vc_column][\/vc_row]<\/p>\n<\/section>","protected":false},"excerpt":{"rendered":"<p>[vc_row motts_theme_padding=&#8221;no&#8221; use_container=&#8221;yes&#8221; css=&#8221;.vc_custom_1593092501087{margin-top: 80px !important;}&#8221;][vc_column][vc_row_inner][vc_column_inner][ts_section_title align=&#8221;left&#8221; tagline=&#8221;Sobre nosotros&#8221; title=&#8221;Con la experiencia acumulada durante 40 a\u00f1os transcurridos.&#8221;][\/vc_column_inner][\/vc_row_inner][vc_row_inner][vc_column_inner offset=&#8221;vc_col-md-7&#8243;][ts_image_box image=&#8221;818&#8243; title=&#8221;Image&#8221;][\/vc_column_inner][vc_column_inner offset=&#8221;vc_col-md-5&#8243;][ts_image_box image=&#8221;650&#8243; title=&#8221;Image&#8221;][\/vc_column_inner][\/vc_row_inner][vc_row_inner][vc_column_inner][vc_empty_space height=&#8221;25px&#8221;][vc_column_text]Hoy, ROBERTO PIERANTONI SRL cuenta con equipos de origen Italiano, Alem\u00e1n y de nuestra propia fabricaci\u00f3n, tecnificados, confiables, preparados para alcanzar las m\u00e1ximas producciones en los menores tiempos, con la mejor calidad, [&hellip;]<\/p>\n","protected":false},"author":1,"featured_media":0,"parent":0,"menu_order":0,"comment_status":"closed","ping_status":"closed","template":"page-builder.php","meta":{"footnotes":""},"class_list":["post-420","page","type-page","status-publish","hentry"],"acf":[],"_links":{"self":[{"href":"https:\/\/robertopierantoni.com.ar\/servicios\/wp-json\/wp\/v2\/pages\/420","targetHints":{"allow":["GET"]}}],"collection":[{"href":"https:\/\/robertopierantoni.com.ar\/servicios\/wp-json\/wp\/v2\/pages"}],"about":[{"href":"https:\/\/robertopierantoni.com.ar\/servicios\/wp-json\/wp\/v2\/types\/page"}],"author":[{"embeddable":true,"href":"https:\/\/robertopierantoni.com.ar\/servicios\/wp-json\/wp\/v2\/users\/1"}],"replies":[{"embeddable":true,"href":"https:\/\/robertopierantoni.com.ar\/servicios\/wp-json\/wp\/v2\/comments?post=420"}],"version-history":[{"count":31,"href":"https:\/\/robertopierantoni.com.ar\/servicios\/wp-json\/wp\/v2\/pages\/420\/revisions"}],"predecessor-version":[{"id":914,"href":"https:\/\/robertopierantoni.com.ar\/servicios\/wp-json\/wp\/v2\/pages\/420\/revisions\/914"}],"wp:attachment":[{"href":"https:\/\/robertopierantoni.com.ar\/servicios\/wp-json\/wp\/v2\/media?parent=420"}],"curies":[{"name":"wp","href":"https:\/\/api.w.org\/{rel}","templated":true}]}}